{"id":87,"date":"2020-02-19T13:40:35","date_gmt":"2020-02-19T12:40:35","guid":{"rendered":"http:\/\/www.vswondrak-elternverein.at\/wordpress\/?page_id=87"},"modified":"2025-10-05T12:35:06","modified_gmt":"2025-10-05T10:35:06","slug":"forderungen","status":"publish","type":"page","link":"https:\/\/www.vswondrak-elternverein.at\/wordpress\/forderungen\/","title":{"rendered":"F\u00f6rderungen"},"content":{"rendered":"\n<h2 class=\"wp-block-heading\">Richtlinien f\u00fcr F\u00f6rderungen durch den Elternverein<\/h2>\n\n\n\n<h4 class=\"wp-block-heading\"><strong>Wer wird gef\u00f6rdert?<\/strong><\/h4>\n\n\n\n<p>Einkommensschwache Familien mit einem geringen Pro-Kopf-Einkommen<\/p>\n\n\n\n<h4 class=\"wp-block-heading\"><strong>Wieviel wird gef\u00f6rdert?<\/strong><\/h4>\n\n\n\n<p>Bis zu 50% der Kosten werden \u00fcbernommen; das ist von der H\u00f6he des Pro-Kopf-Einkommens sowie vom verf\u00fcgbaren Budget des Elternvereins und der Anzahl der F\u00f6rderansuchen abh\u00e4ngig.<\/p>\n\n\n\n<p>Bei den F\u00f6rderungen handelt es sich um freiwillige Zuwendungen von Seiten des Elternvereins. Ein Rechtsanspruch auf finanzielle Unterst\u00fctzung ist somit nicht gegeben.<\/p>\n\n\n\n<h4 class=\"wp-block-heading\"><strong>Was wird gef\u00f6rdert?<\/strong><\/h4>\n\n\n\n<p>Schulische Aktivit\u00e4ten, wie z.B. Theaterbesuche, Ausfl\u00fcge, Projekttage<\/p>\n\n\n\n<h4 class=\"wp-block-heading\"><strong>Wie ist der Ablauf?<\/strong><\/h4>\n\n\n\n<ul>\n<li>Antrag ausf\u00fcllen &#8211; ist bei der Lehrkraft oder auf unserer Homepage erh\u00e4ltlich.<\/li>\n\n\n\n<li>Antrag unterschrieben an den Elternverein weiterleiten &#8211; durch die Lehrkraft oder per Mail.<\/li>\n\n\n\n<li>Den Antragstellern wird absolute Vertraulichkeit zugesichert. <\/li>\n\n\n\n<li>In der n\u00e4chstfolgenden Sitzung des Elternvereins wird der Antrag behandelt &#8211; das kann in manchen F\u00e4llen einige Zeit dauern, die Sitzungen finden viertelj\u00e4hrlich statt.<\/li>\n\n\n\n<li>Sobald ein Beschluss gefasst ist, erh\u00e4lt der Antragsteller eine schriftliche Verst\u00e4ndigung durch den Elternverein.<\/li>\n\n\n\n<li>Bei einer positiven Entscheidung wird das Geld im Nachhinein, d.h. erst wenn die Veranstaltung (Theaterbesuch, Projekttage) stattgefunden und das Kind daran teilgenommen hat, sowie die Endabrechnung durch die Lehrkraft abgeschlossen ist (falls sich der Betrag doch noch durch bestimmte Umst\u00e4nde ge\u00e4ndert hat) auf das angegebene Konto \u00fcberwiesen. <\/li>\n<\/ul>\n\n\n\n<hr class=\"wp-block-separator has-css-opacity\"\/>\n\n\n\n<div class=\"wp-block-file alignleft\"><a href=\"https:\/\/www.vswondrak-elternverein.at\/wordpress\/wp-content\/uploads\/2020\/03\/antrag_zur_foerderung.pdf\">Antrag zur F\u00f6rderung<\/a><a href=\"https:\/\/www.vswondrak-elternverein.at\/wordpress\/wp-content\/uploads\/2020\/03\/antrag_zur_foerderung.pdf\" class=\"wp-block-file__button wp-element-button\" download>Herunterladen<\/a><\/div>\n","protected":false},"excerpt":{"rendered":"<p>Richtlinien f\u00fcr F\u00f6rderungen durch den Elternverein Wer wird gef\u00f6rdert? Einkommensschwache Familien mit einem geringen Pro-Kopf-Einkommen Wieviel wird gef\u00f6rdert? Bis zu 50% der Kosten werden \u00fcbernommen; das ist von der H\u00f6he des Pro-Kopf-Einkommens sowie vom verf\u00fcgbaren Budget des Elternvereins und der Anzahl der F\u00f6rderansuchen abh\u00e4ngig. Bei den F\u00f6rderungen handelt es sich um freiwillige Zuwendungen von Seiten &#8230; <a title=\"F\u00f6rderungen\" class=\"read-more\" href=\"https:\/\/www.vswondrak-elternverein.at\/wordpress\/forderungen\/\" aria-label=\"Read more about F\u00f6rderungen\">Read more<\/a><\/p>\n","protected":false},"author":3,"featured_media":0,"parent":0,"menu_order":0,"comment_status":"closed","ping_status":"closed","template":"","meta":{"footnotes":""},"_links":{"self":[{"href":"https:\/\/www.vswondrak-elternverein.at\/wordpress\/wp-json\/wp\/v2\/pages\/87"}],"collection":[{"href":"https:\/\/www.vswondrak-elternverein.at\/wordpress\/wp-json\/wp\/v2\/pages"}],"about":[{"href":"https:\/\/www.vswondrak-elternverein.at\/wordpress\/wp-json\/wp\/v2\/types\/page"}],"author":[{"embeddable":true,"href":"https:\/\/www.vswondrak-elternverein.at\/wordpress\/wp-json\/wp\/v2\/users\/3"}],"replies":[{"embeddable":true,"href":"https:\/\/www.vswondrak-elternverein.at\/wordpress\/wp-json\/wp\/v2\/comments?post=87"}],"version-history":[{"count":4,"href":"https:\/\/www.vswondrak-elternverein.at\/wordpress\/wp-json\/wp\/v2\/pages\/87\/revisions"}],"predecessor-version":[{"id":593,"href":"https:\/\/www.vswondrak-elternverein.at\/wordpress\/wp-json\/wp\/v2\/pages\/87\/revisions\/593"}],"wp:attachment":[{"href":"https:\/\/www.vswondrak-elternverein.at\/wordpress\/wp-json\/wp\/v2\/media?parent=87"}],"curies":[{"name":"wp","href":"https:\/\/api.w.org\/{rel}","templated":true}]}}